{"id":46,"date":"2023-03-05T23:03:16","date_gmt":"2023-03-05T23:03:16","guid":{"rendered":"https:\/\/guide-d-accompagnement.hkmultimedia.com\/?page_id=46"},"modified":"2023-03-10T13:50:16","modified_gmt":"2023-03-10T13:50:16","slug":"voir-guide-daccompagnement-cri-tta","status":"publish","type":"page","link":"https:\/\/guide-d-accompagnement.hkmultimedia.com\/index.php\/voir-guide-daccompagnement-cri-tta\/","title":{"rendered":"Voir Guide d&rsquo;accompagnement CRI TTA"},"content":{"rendered":"\t\t<div data-elementor-type=\"wp-page\" data-elementor-id=\"46\" class=\"elementor elementor-46\">\n\t\t\t\t\t\t\t\t\t<section class=\"elementor-section elementor-top-section elementor-element elementor-element-0e05f4b elementor-section-full_width elementor-section-height-default elementor-section-height-default\" data-id=\"0e05f4b\" data-element_type=\"section\">\n\t\t\t\t\t\t<div class=\"elementor-container elementor-column-gap-default\">\n\t\t\t\t\t<div class=\"elementor-column elementor-col-100 elementor-top-column elementor-element elementor-element-7822958\" data-id=\"7822958\" data-element_type=\"column\">\n\t\t\t<div class=\"elementor-widget-wrap elementor-element-populated\">\n\t\t\t\t\t\t\t\t<div class=\"elementor-element elementor-element-6e6e7d9 elementor-widget elementor-widget-html\" data-id=\"6e6e7d9\" data-element_type=\"widget\" data-widget_type=\"html.default\">\n\t\t\t\t<div class=\"elementor-widget-container\">\n\t\t\t<div class=\"_df_book df-lite\" id=\"df_6\"  data-title=\"guide-daccompagnement-cri\" _slug=\"6\" wpoptions=\"true\" thumbtype=\"bg\" ><p class=\"df-raw-loading\">Please wait while flipbook is loading. For more related info, FAQs and issues please refer to <a href=\"https:\/\/wordpress.org\/plugins\/3d-flipbook-dflip-lite\/#installation\" target=\"_blank\" rel=\"noopener\">DearFlip WordPress Flipbook Plugin Help<\/a> documentation.<\/p><\/div><script class=\"df-shortcode-script\" type=\"application\/javascript\">window.option_df_6 = {\"outline\":[],\"backgroundColor\":\"#FFFF\",\"forceFit\":\"true\",\"autoEnableOutline\":\"false\",\"autoEnableThumbnail\":\"false\",\"overwritePDFOutline\":\"false\",\"direction\":\"1\",\"pageSize\":\"0\",\"source\":\"https:\\\/\\\/guide-d-accompagnement.hkmultimedia.com\\\/wp-content\\\/uploads\\\/2023\\\/03\\\/CRI-min-1.pdf\",\"wpOptions\":\"true\"}; if(window.DFLIP && window.DFLIP.parseBooks){window.DFLIP.parseBooks();}<\/script>\t\t<\/div>\n\t\t\t\t<\/div>\n\t\t\t\t\t<\/div>\n\t\t<\/div>\n\t\t\t\t\t\t\t<\/div>\n\t\t<\/section>\n\t\t\t\t<section class=\"elementor-section elementor-top-section elementor-element elementor-element-a281a3a elementor-section-boxed elementor-section-height-default elementor-section-height-default\" data-id=\"a281a3a\" data-element_type=\"section\">\n\t\t\t\t\t\t<div class=\"elementor-container elementor-column-gap-default\">\n\t\t\t\t\t<div class=\"elementor-column elementor-col-100 elementor-top-column elementor-element elementor-element-53ebc73\" data-id=\"53ebc73\" data-element_type=\"column\">\n\t\t\t<div class=\"elementor-widget-wrap elementor-element-populated\">\n\t\t\t\t\t\t\t\t<div class=\"elementor-element elementor-element-b15fda3 elementor-widget elementor-widget-text-editor\" data-id=\"b15fda3\" data-element_type=\"widget\" data-widget_type=\"text-editor.default\">\n\t\t\t\t<div class=\"elementor-widget-container\">\n\t\t\t<style>\/*! elementor - v3.11.3 - 07-03-2023 *\/\n.elementor-widget-text-editor.elementor-drop-cap-view-stacked .elementor-drop-cap{background-color:#818a91;color:#fff}.elementor-widget-text-editor.elementor-drop-cap-view-framed .elementor-drop-cap{color:#818a91;border:3px solid;background-color:transparent}.elementor-widget-text-editor:not(.elementor-drop-cap-view-default) .elementor-drop-cap{margin-top:8px}.elementor-widget-text-editor:not(.elementor-drop-cap-view-default) .elementor-drop-cap-letter{width:1em;height:1em}.elementor-widget-text-editor .elementor-drop-cap{float:left;text-align:center;line-height:1;font-size:50px}.elementor-widget-text-editor .elementor-drop-cap-letter{display:inline-block}<\/style>\t\t\t\t\u00a9 2023 Tous droits r\u00e9serv\u00e9s Centre r\u00e9gional d\u2019investissement de la R\u00e9gion Tanger &#8211; T\u00e9touan &#8211; Al Hoceima <br\/>\nConception par <a href=\"https:\/\/www.hkmultimedia.com\">HK Multimedia<\/a>\t\t\t\t\t\t<\/div>\n\t\t\t\t<\/div>\n\t\t\t\t\t<\/div>\n\t\t<\/div>\n\t\t\t\t\t\t\t<\/div>\n\t\t<\/section>\n\t\t\t\t\t\t\t<\/div>\n\t\t","protected":false},"excerpt":{"rendered":"<p>\u00a9 2023 Tous droits r\u00e9serv\u00e9s Centre r\u00e9gional d\u2019investissement de la R\u00e9gion Tanger &#8211; T\u00e9touan &#8211; Al Hoceima Conception par HK Multimedia<\/p>\n","protected":false},"author":1,"featured_media":0,"parent":0,"menu_order":0,"comment_status":"closed","ping_status":"closed","template":"elementor_canvas","meta":{"footnotes":""},"class_list":["post-46","page","type-page","status-publish","hentry"],"_links":{"self":[{"href":"https:\/\/guide-d-accompagnement.hkmultimedia.com\/index.php\/wp-json\/wp\/v2\/pages\/46","targetHints":{"allow":["GET"]}}],"collection":[{"href":"https:\/\/guide-d-accompagnement.hkmultimedia.com\/index.php\/wp-json\/wp\/v2\/pages"}],"about":[{"href":"https:\/\/guide-d-accompagnement.hkmultimedia.com\/index.php\/wp-json\/wp\/v2\/types\/page"}],"author":[{"embeddable":true,"href":"https:\/\/guide-d-accompagnement.hkmultimedia.com\/index.php\/wp-json\/wp\/v2\/users\/1"}],"replies":[{"embeddable":true,"href":"https:\/\/guide-d-accompagnement.hkmultimedia.com\/index.php\/wp-json\/wp\/v2\/comments?post=46"}],"version-history":[{"count":13,"href":"https:\/\/guide-d-accompagnement.hkmultimedia.com\/index.php\/wp-json\/wp\/v2\/pages\/46\/revisions"}],"predecessor-version":[{"id":100,"href":"https:\/\/guide-d-accompagnement.hkmultimedia.com\/index.php\/wp-json\/wp\/v2\/pages\/46\/revisions\/100"}],"wp:attachment":[{"href":"https:\/\/guide-d-accompagnement.hkmultimedia.com\/index.php\/wp-json\/wp\/v2\/media?parent=46"}],"curies":[{"name":"wp","href":"https:\/\/api.w.org\/{rel}","templated":true}]}}