{"id":10,"date":"2023-03-05T14:50:07","date_gmt":"2023-03-05T14:50:07","guid":{"rendered":"https:\/\/guide-d-accompagnement.hkmultimedia.com\/?page_id=10"},"modified":"2023-03-10T13:49:39","modified_gmt":"2023-03-10T13:49:39","slug":"guide-daccompagnement-cri-tta","status":"publish","type":"page","link":"https:\/\/guide-d-accompagnement.hkmultimedia.com\/","title":{"rendered":"Guide d&rsquo;accompagnement CRI TTA"},"content":{"rendered":"\t\t<div data-elementor-type=\"wp-page\" data-elementor-id=\"10\" class=\"elementor elementor-10\">\n\t\t\t\t\t\t\t\t\t<section class=\"elementor-section elementor-top-section elementor-element elementor-element-0c5be9c elementor-section-full_width elementor-section-height-default elementor-section-height-default\" data-id=\"0c5be9c\" data-element_type=\"section\">\n\t\t\t\t\t\t<div class=\"elementor-container elementor-column-gap-default\">\n\t\t\t\t\t<div class=\"elementor-column elementor-col-33 elementor-top-column elementor-element elementor-element-d16a002\" data-id=\"d16a002\" data-element_type=\"column\">\n\t\t\t<div class=\"elementor-widget-wrap elementor-element-populated\">\n\t\t\t\t\t\t\t\t<div class=\"elementor-element elementor-element-1ae1c14 elementor-widget elementor-widget-image\" data-id=\"1ae1c14\" data-element_type=\"widget\" data-widget_type=\"image.default\">\n\t\t\t\t<div class=\"elementor-widget-container\">\n\t\t\t<style>\/*! elementor - v3.11.3 - 07-03-2023 *\/\n.elementor-widget-image{text-align:center}.elementor-widget-image a{display:inline-block}.elementor-widget-image a img[src$=\".svg\"]{width:48px}.elementor-widget-image img{vertical-align:middle;display:inline-block}<\/style>\t\t\t\t\t\t\t\t\t\t\t\t<img loading=\"lazy\" decoding=\"async\" width=\"341\" height=\"218\" src=\"https:\/\/guide-d-accompagnement.hkmultimedia.com\/wp-content\/uploads\/2023\/03\/logo-06.png\" class=\"attachment-large size-large wp-image-31\" alt=\"\" srcset=\"https:\/\/guide-d-accompagnement.hkmultimedia.com\/wp-content\/uploads\/2023\/03\/logo-06.png 341w, https:\/\/guide-d-accompagnement.hkmultimedia.com\/wp-content\/uploads\/2023\/03\/logo-06-300x192.png 300w\" sizes=\"auto, (max-width: 341px) 100vw, 341px\" \/>\t\t\t\t\t\t\t\t\t\t\t\t\t\t\t<\/div>\n\t\t\t\t<\/div>\n\t\t\t\t\t<\/div>\n\t\t<\/div>\n\t\t\t\t<div class=\"elementor-column elementor-col-33 elementor-top-column elementor-element elementor-element-106a89e\" data-id=\"106a89e\" data-element_type=\"column\">\n\t\t\t<div class=\"elementor-widget-wrap\">\n\t\t\t\t\t\t\t\t\t<\/div>\n\t\t<\/div>\n\t\t\t\t<div class=\"elementor-column elementor-col-33 elementor-top-column elementor-element elementor-element-7542bb4\" data-id=\"7542bb4\" data-element_type=\"column\">\n\t\t\t<div class=\"elementor-widget-wrap elementor-element-populated\">\n\t\t\t\t\t\t\t\t<div class=\"elementor-element elementor-element-868ba03 elementor-widget elementor-widget-image\" data-id=\"868ba03\" data-element_type=\"widget\" data-widget_type=\"image.default\">\n\t\t\t\t<div class=\"elementor-widget-container\">\n\t\t\t\t\t\t\t\t\t\t\t\t\t\t\t<img loading=\"lazy\" decoding=\"async\" width=\"268\" height=\"217\" src=\"https:\/\/guide-d-accompagnement.hkmultimedia.com\/wp-content\/uploads\/2023\/03\/logo-07.png\" class=\"attachment-large size-large wp-image-32\" alt=\"\" \/>\t\t\t\t\t\t\t\t\t\t\t\t\t\t\t<\/div>\n\t\t\t\t<\/div>\n\t\t\t\t\t<\/div>\n\t\t<\/div>\n\t\t\t\t\t\t\t<\/div>\n\t\t<\/section>\n\t\t\t\t<section class=\"elementor-section elementor-top-section elementor-element elementor-element-4188e87 elementor-section-full_width elementor-section-height-min-height elementor-section-height-default elementor-section-items-middle elementor-invisible\" data-id=\"4188e87\" data-element_type=\"section\" data-settings=\"{&quot;background_background&quot;:&quot;classic&quot;,&quot;animation&quot;:&quot;fadeIn&quot;}\">\n\t\t\t\t\t\t\t<div class=\"elementor-background-overlay\"><\/div>\n\t\t\t\t\t\t\t<div class=\"elementor-container elementor-column-gap-default\">\n\t\t\t\t\t<div class=\"elementor-column elementor-col-50 elementor-top-column elementor-element elementor-element-83cbeee\" data-id=\"83cbeee\" data-element_type=\"column\">\n\t\t\t<div class=\"elementor-widget-wrap elementor-element-populated\">\n\t\t\t\t\t\t\t\t<div class=\"elementor-element elementor-element-739d9e9 elementor-widget elementor-widget-heading\" data-id=\"739d9e9\" data-element_type=\"widget\" data-widget_type=\"heading.default\">\n\t\t\t\t<div class=\"elementor-widget-container\">\n\t\t\t<style>\/*! elementor - v3.11.3 - 07-03-2023 *\/\n.elementor-heading-title{padding:0;margin:0;line-height:1}.elementor-widget-heading .elementor-heading-title[class*=elementor-size-]>a{color:inherit;font-size:inherit;line-height:inherit}.elementor-widget-heading .elementor-heading-title.elementor-size-small{font-size:15px}.elementor-widget-heading .elementor-heading-title.elementor-size-medium{font-size:19px}.elementor-widget-heading .elementor-heading-title.elementor-size-large{font-size:29px}.elementor-widget-heading .elementor-heading-title.elementor-size-xl{font-size:39px}.elementor-widget-heading .elementor-heading-title.elementor-size-xxl{font-size:59px}<\/style><h2 class=\"elementor-heading-title elementor-size-default\">Offre Territoriale des opportunit\u00e9s d\u2019investissement et d\u2019accompagnement<\/h2>\t\t<\/div>\n\t\t\t\t<\/div>\n\t\t\t\t<div class=\"elementor-element elementor-element-5522648 elementor-widget elementor-widget-text-editor\" data-id=\"5522648\" data-element_type=\"widget\" data-widget_type=\"text-editor.default\">\n\t\t\t\t<div class=\"elementor-widget-container\">\n\t\t\t<style>\/*! elementor - v3.11.3 - 07-03-2023 *\/\n.elementor-widget-text-editor.elementor-drop-cap-view-stacked .elementor-drop-cap{background-color:#818a91;color:#fff}.elementor-widget-text-editor.elementor-drop-cap-view-framed .elementor-drop-cap{color:#818a91;border:3px solid;background-color:transparent}.elementor-widget-text-editor:not(.elementor-drop-cap-view-default) .elementor-drop-cap{margin-top:8px}.elementor-widget-text-editor:not(.elementor-drop-cap-view-default) .elementor-drop-cap-letter{width:1em;height:1em}.elementor-widget-text-editor .elementor-drop-cap{float:left;text-align:center;line-height:1;font-size:50px}.elementor-widget-text-editor .elementor-drop-cap-letter{display:inline-block}<\/style>\t\t\t\t<p>De cr\u00e9ation d\u2019emploi et de valeur ajout\u00e9e. fortement sur l\u2019entrepreneuriat comme levier du d\u00e9veloppement social et \u00e9conomique et facteur essentiel Le Maroc.<\/p>\t\t\t\t\t\t<\/div>\n\t\t\t\t<\/div>\n\t\t\t\t<div class=\"elementor-element elementor-element-32b916f elementor-widget elementor-widget-html\" data-id=\"32b916f\" data-element_type=\"widget\" data-widget_type=\"html.default\">\n\t\t\t\t<div class=\"elementor-widget-container\">\n\t\t\t<!-- HTML !-->\n<a href=\"https:\/\/guide-d-accompagnement.hkmultimedia.com\/index.php\/voir-guide-daccompagnement-cri-tta\/\"><button style=\"width: 100px;\" class=\"bn632-hover bn26\">Voir<\/button><\/a>\n<a href=\"https:\/\/guide-d-accompagnement.hkmultimedia.com\/wp-content\/uploads\/2023\/03\/CRI-min-1.pdf\" style=\"margin-left:20px\"><button style=\"width: 270px;\" class=\"bn632-hover bn26\">T\u00e9l\u00e9charger la version PDF<\/button><\/a>\n<style>\n.bn632-hover {\n  font-size: 16px;\n  font-weight: 600;\n  color: #fff;\n  cursor: pointer;\n  margin: 20px 0;\n  height: 55px;\n  text-align:center;\n  border: none;\n  background-size: 300% 100%;\n  border-radius: 50px;\n  moz-transition: all .4s ease-in-out;\n  -o-transition: all .4s ease-in-out;\n  -webkit-transition: all .4s ease-in-out;\n  transition: all .4s ease-in-out;\n}\n\n.bn632-hover:hover {\n  background-position: 100% 0;\n  moz-transition: all .4s ease-in-out;\n  -o-transition: all .4s ease-in-out;\n  -webkit-transition: all .4s ease-in-out;\n  transition: all .4s ease-in-out;\n}\n\n.bn632-hover:focus {\n  outline: none;\n}\n\n.bn632-hover.bn26 {\n  background-image: linear-gradient(\n    to right,\n    #25aae1,\n    #4481eb,\n    #04befe,\n    #3f86ed\n  );\n  box-shadow: 0 4px 15px 0 rgba(65, 132, 234, 0.75);\n}\n<\/style>\n        \n\t\t<\/div>\n\t\t\t\t<\/div>\n\t\t\t\t\t<\/div>\n\t\t<\/div>\n\t\t\t\t<div class=\"elementor-column elementor-col-50 elementor-top-column elementor-element elementor-element-bceb89e\" data-id=\"bceb89e\" data-element_type=\"column\">\n\t\t\t<div class=\"elementor-widget-wrap elementor-element-populated\">\n\t\t\t\t\t\t\t\t<div class=\"elementor-element elementor-element-5a5fe7c e-transform e-transform elementor-invisible elementor-widget elementor-widget-image\" data-id=\"5a5fe7c\" data-element_type=\"widget\" data-settings=\"{&quot;_animation&quot;:&quot;fadeIn&quot;,&quot;_transform_rotateZ_effect_hover&quot;:{&quot;unit&quot;:&quot;px&quot;,&quot;size&quot;:5,&quot;sizes&quot;:[]},&quot;_transform_scale_effect_hover&quot;:{&quot;unit&quot;:&quot;px&quot;,&quot;size&quot;:1.100000000000000088817841970012523233890533447265625,&quot;sizes&quot;:[]},&quot;_transform_rotateZ_effect_hover_tablet&quot;:{&quot;unit&quot;:&quot;deg&quot;,&quot;size&quot;:&quot;&quot;,&quot;sizes&quot;:[]},&quot;_transform_rotateZ_effect_hover_mobile&quot;:{&quot;unit&quot;:&quot;deg&quot;,&quot;size&quot;:&quot;&quot;,&quot;sizes&quot;:[]},&quot;_transform_scale_effect_hover_tablet&quot;:{&quot;unit&quot;:&quot;px&quot;,&quot;size&quot;:&quot;&quot;,&quot;sizes&quot;:[]},&quot;_transform_scale_effect_hover_mobile&quot;:{&quot;unit&quot;:&quot;px&quot;,&quot;size&quot;:&quot;&quot;,&quot;sizes&quot;:[]}}\" data-widget_type=\"image.default\">\n\t\t\t\t<div class=\"elementor-widget-container\">\n\t\t\t\t\t\t\t\t\t\t\t\t\t\t\t<img loading=\"lazy\" decoding=\"async\" width=\"800\" height=\"637\" src=\"https:\/\/guide-d-accompagnement.hkmultimedia.com\/wp-content\/uploads\/2023\/03\/book2-min-1024x815.png\" class=\"attachment-large size-large wp-image-85\" alt=\"\" srcset=\"https:\/\/guide-d-accompagnement.hkmultimedia.com\/wp-content\/uploads\/2023\/03\/book2-min-1024x815.png 1024w, https:\/\/guide-d-accompagnement.hkmultimedia.com\/wp-content\/uploads\/2023\/03\/book2-min-300x239.png 300w, https:\/\/guide-d-accompagnement.hkmultimedia.com\/wp-content\/uploads\/2023\/03\/book2-min-768x611.png 768w, https:\/\/guide-d-accompagnement.hkmultimedia.com\/wp-content\/uploads\/2023\/03\/book2-min-1536x1222.png 1536w, https:\/\/guide-d-accompagnement.hkmultimedia.com\/wp-content\/uploads\/2023\/03\/book2-min-2048x1629.png 2048w\" sizes=\"auto, (max-width: 800px) 100vw, 800px\" \/>\t\t\t\t\t\t\t\t\t\t\t\t\t\t\t<\/div>\n\t\t\t\t<\/div>\n\t\t\t\t\t<\/div>\n\t\t<\/div>\n\t\t\t\t\t\t\t<\/div>\n\t\t<\/section>\n\t\t\t\t<section class=\"elementor-section elementor-top-section elementor-element elementor-element-a281a3a elementor-section-boxed elementor-section-height-default elementor-section-height-default\" data-id=\"a281a3a\" data-element_type=\"section\">\n\t\t\t\t\t\t<div class=\"elementor-container elementor-column-gap-default\">\n\t\t\t\t\t<div class=\"elementor-column elementor-col-100 elementor-top-column elementor-element elementor-element-53ebc73\" data-id=\"53ebc73\" data-element_type=\"column\">\n\t\t\t<div class=\"elementor-widget-wrap elementor-element-populated\">\n\t\t\t\t\t\t\t\t<div class=\"elementor-element elementor-element-b15fda3 elementor-widget elementor-widget-text-editor\" data-id=\"b15fda3\" data-element_type=\"widget\" data-widget_type=\"text-editor.default\">\n\t\t\t\t<div class=\"elementor-widget-container\">\n\t\t\t\t\t\t\t\u00a9 2023 Tous droits r\u00e9serv\u00e9s Centre r\u00e9gional d\u2019investissement de la R\u00e9gion Tanger &#8211; T\u00e9touan &#8211; Al Hoceima <br\/>\nConception par <a href=\"https:\/\/www.hkmultimedia.com\">HK Multimedia<\/a>\t\t\t\t\t\t<\/div>\n\t\t\t\t<\/div>\n\t\t\t\t\t<\/div>\n\t\t<\/div>\n\t\t\t\t\t\t\t<\/div>\n\t\t<\/section>\n\t\t\t\t\t\t\t<\/div>\n\t\t","protected":false},"excerpt":{"rendered":"<p>Offre Territoriale des opportunit\u00e9s d\u2019investissement et d\u2019accompagnement De cr\u00e9ation d\u2019emploi et de valeur ajout\u00e9e. fortement sur l\u2019entrepreneuriat comme levier du d\u00e9veloppement social et \u00e9conomique et facteur essentiel Le Maroc. Voir T\u00e9l\u00e9charger la version PDF \u00a9 2023 Tous droits r\u00e9serv\u00e9s Centre r\u00e9gional d\u2019investissement de la R\u00e9gion Tanger &#8211; T\u00e9touan &#8211; Al Hoceima Conception par HK Multimedia<\/p>\n","protected":false},"author":1,"featured_media":0,"parent":0,"menu_order":0,"comment_status":"closed","ping_status":"closed","template":"elementor_canvas","meta":{"footnotes":""},"class_list":["post-10","page","type-page","status-publish","hentry"],"_links":{"self":[{"href":"https:\/\/guide-d-accompagnement.hkmultimedia.com\/index.php\/wp-json\/wp\/v2\/pages\/10","targetHints":{"allow":["GET"]}}],"collection":[{"href":"https:\/\/guide-d-accompagnement.hkmultimedia.com\/index.php\/wp-json\/wp\/v2\/pages"}],"about":[{"href":"https:\/\/guide-d-accompagnement.hkmultimedia.com\/index.php\/wp-json\/wp\/v2\/types\/page"}],"author":[{"embeddable":true,"href":"https:\/\/guide-d-accompagnement.hkmultimedia.com\/index.php\/wp-json\/wp\/v2\/users\/1"}],"replies":[{"embeddable":true,"href":"https:\/\/guide-d-accompagnement.hkmultimedia.com\/index.php\/wp-json\/wp\/v2\/comments?post=10"}],"version-history":[{"count":55,"href":"https:\/\/guide-d-accompagnement.hkmultimedia.com\/index.php\/wp-json\/wp\/v2\/pages\/10\/revisions"}],"predecessor-version":[{"id":94,"href":"https:\/\/guide-d-accompagnement.hkmultimedia.com\/index.php\/wp-json\/wp\/v2\/pages\/10\/revisions\/94"}],"wp:attachment":[{"href":"https:\/\/guide-d-accompagnement.hkmultimedia.com\/index.php\/wp-json\/wp\/v2\/media?parent=10"}],"curies":[{"name":"wp","href":"https:\/\/api.w.org\/{rel}","templated":true}]}}